{"id":5920,"date":"2025-02-25T17:19:44","date_gmt":"2025-02-25T16:19:44","guid":{"rendered":"https:\/\/sholeolodges.nubedev.es\/?page_id=5920"},"modified":"2026-01-30T13:48:34","modified_gmt":"2026-01-30T12:48:34","slug":"piscina-solarium","status":"publish","type":"page","link":"https:\/\/sholeo.polanetwork.com\/es\/lodges\/los-gigantes\/espacios\/piscina-solarium\/","title":{"rendered":"Piscina &amp; Solarium"},"content":{"rendered":"","protected":false},"excerpt":{"rendered":"","protected":false},"author":19,"featured_media":0,"parent":718,"menu_order":0,"comment_status":"closed","ping_status":"closed","template":"","meta":{"_acf_changed":false,"inline_featured_image":false,"footnotes":""},"class_list":["post-5920","page","type-page","status-publish","hentry"],"acf":[],"yoast_head":"<!-- This site is optimized with the Yoast SEO plugin v26.8 - https:\/\/yoast.com\/product\/yoast-seo-wordpress\/ -->\n<title>Piscina &amp; Solarium en Los Gigantes | Sholeo Lodges<\/title>\n<meta name=\"description\" content=\"Disfruta de vistas espectaculares y un ambiente \u00fanico en nuestro piscina de Sholeo Lodges en Los Gigantes, y rel\u00e1jate mientras te ba\u00f1as.\" \/>\n<meta name=\"robots\" content=\"noindex, follow, max-snippet:-1, max-image-preview:large, max-video-preview:-1\" \/>\n<meta property=\"og:locale\" content=\"es_ES\" \/>\n<meta property=\"og:type\" content=\"article\" \/>\n<meta property=\"og:title\" content=\"Piscina &amp; Solarium en Los Gigantes | Sholeo Lodges\" \/>\n<meta property=\"og:description\" content=\"Disfruta de vistas espectaculares y un ambiente \u00fanico en nuestro piscina de Sholeo Lodges en Los Gigantes, y rel\u00e1jate mientras te ba\u00f1as.\" \/>\n<meta property=\"og:url\" content=\"https:\/\/sholeo.polanetwork.com\/es\/lodges\/los-gigantes\/espacios\/piscina-solarium\/\" \/>\n<meta property=\"og:site_name\" content=\"Sholeo Lodges\" \/>\n<meta property=\"article:modified_time\" content=\"2026-01-30T12:48:34+00:00\" \/>\n<meta name=\"twitter:card\" content=\"summary_large_image\" \/>\n<script type=\"application\/ld+json\" class=\"yoast-schema-graph\">{\"@context\":\"https:\/\/schema.org\",\"@graph\":[{\"@type\":\"WebPage\",\"@id\":\"https:\/\/sholeo.polanetwork.com\/es\/lodges\/los-gigantes\/espacios\/piscina-solarium\/\",\"url\":\"https:\/\/sholeo.polanetwork.com\/es\/lodges\/los-gigantes\/espacios\/piscina-solarium\/\",\"name\":\"Piscina & Solarium en Los Gigantes | Sholeo Lodges\",\"isPartOf\":{\"@id\":\"https:\/\/sholeo.polanetwork.com\/es\/#website\"},\"datePublished\":\"2025-02-25T16:19:44+00:00\",\"dateModified\":\"2026-01-30T12:48:34+00:00\",\"description\":\"Disfruta de vistas espectaculares y un ambiente \u00fanico en nuestro piscina de Sholeo Lodges en Los Gigantes, y rel\u00e1jate mientras te ba\u00f1as.\",\"breadcrumb\":{\"@id\":\"https:\/\/sholeo.polanetwork.com\/es\/lodges\/los-gigantes\/espacios\/piscina-solarium\/#breadcrumb\"},\"inLanguage\":\"es\",\"potentialAction\":[{\"@type\":\"ReadAction\",\"target\":[\"https:\/\/sholeo.polanetwork.com\/es\/lodges\/los-gigantes\/espacios\/piscina-solarium\/\"]}]},{\"@type\":\"BreadcrumbList\",\"@id\":\"https:\/\/sholeo.polanetwork.com\/es\/lodges\/los-gigantes\/espacios\/piscina-solarium\/#breadcrumb\",\"itemListElement\":[{\"@type\":\"ListItem\",\"position\":1,\"name\":\"Home\",\"item\":\"https:\/\/sholeo.polanetwork.com\/es\/\"},{\"@type\":\"ListItem\",\"position\":2,\"name\":\"Lodges\",\"item\":\"https:\/\/sholeo.polanetwork.com\/es\/lodges\/\"},{\"@type\":\"ListItem\",\"position\":3,\"name\":\"Los Gigantes\",\"item\":\"https:\/\/sholeo.polanetwork.com\/es\/lodges\/los-gigantes\/\"},{\"@type\":\"ListItem\",\"position\":4,\"name\":\"Espacios\",\"item\":\"https:\/\/sholeo.polanetwork.com\/es\/lodges\/los-gigantes\/espacios\/\"},{\"@type\":\"ListItem\",\"position\":5,\"name\":\"Piscina &amp; Solarium\"}]},{\"@type\":\"WebSite\",\"@id\":\"https:\/\/sholeo.polanetwork.com\/es\/#website\",\"url\":\"https:\/\/sholeo.polanetwork.com\/es\/\",\"name\":\"Sholeo Lodges\",\"description\":\"\",\"potentialAction\":[{\"@type\":\"SearchAction\",\"target\":{\"@type\":\"EntryPoint\",\"urlTemplate\":\"https:\/\/sholeo.polanetwork.com\/es\/?s={search_term_string}\"},\"query-input\":{\"@type\":\"PropertyValueSpecification\",\"valueRequired\":true,\"valueName\":\"search_term_string\"}}],\"inLanguage\":\"es\"}]}<\/script>\n<!-- \/ Yoast SEO plugin. -->","yoast_head_json":{"title":"Piscina & Solarium en Los Gigantes | Sholeo Lodges","description":"Disfruta de vistas espectaculares y un ambiente \u00fanico en nuestro piscina de Sholeo Lodges en Los Gigantes, y rel\u00e1jate mientras te ba\u00f1as.","robots":{"index":"noindex","follow":"follow","max-snippet":"max-snippet:-1","max-image-preview":"max-image-preview:large","max-video-preview":"max-video-preview:-1"},"og_locale":"es_ES","og_type":"article","og_title":"Piscina & Solarium en Los Gigantes | Sholeo Lodges","og_description":"Disfruta de vistas espectaculares y un ambiente \u00fanico en nuestro piscina de Sholeo Lodges en Los Gigantes, y rel\u00e1jate mientras te ba\u00f1as.","og_url":"https:\/\/sholeo.polanetwork.com\/es\/lodges\/los-gigantes\/espacios\/piscina-solarium\/","og_site_name":"Sholeo Lodges","article_modified_time":"2026-01-30T12:48:34+00:00","twitter_card":"summary_large_image","schema":{"@context":"https:\/\/schema.org","@graph":[{"@type":"WebPage","@id":"https:\/\/sholeo.polanetwork.com\/es\/lodges\/los-gigantes\/espacios\/piscina-solarium\/","url":"https:\/\/sholeo.polanetwork.com\/es\/lodges\/los-gigantes\/espacios\/piscina-solarium\/","name":"Piscina & Solarium en Los Gigantes | Sholeo Lodges","isPartOf":{"@id":"https:\/\/sholeo.polanetwork.com\/es\/#website"},"datePublished":"2025-02-25T16:19:44+00:00","dateModified":"2026-01-30T12:48:34+00:00","description":"Disfruta de vistas espectaculares y un ambiente \u00fanico en nuestro piscina de Sholeo Lodges en Los Gigantes, y rel\u00e1jate mientras te ba\u00f1as.","breadcrumb":{"@id":"https:\/\/sholeo.polanetwork.com\/es\/lodges\/los-gigantes\/espacios\/piscina-solarium\/#breadcrumb"},"inLanguage":"es","potentialAction":[{"@type":"ReadAction","target":["https:\/\/sholeo.polanetwork.com\/es\/lodges\/los-gigantes\/espacios\/piscina-solarium\/"]}]},{"@type":"BreadcrumbList","@id":"https:\/\/sholeo.polanetwork.com\/es\/lodges\/los-gigantes\/espacios\/piscina-solarium\/#breadcrumb","itemListElement":[{"@type":"ListItem","position":1,"name":"Home","item":"https:\/\/sholeo.polanetwork.com\/es\/"},{"@type":"ListItem","position":2,"name":"Lodges","item":"https:\/\/sholeo.polanetwork.com\/es\/lodges\/"},{"@type":"ListItem","position":3,"name":"Los Gigantes","item":"https:\/\/sholeo.polanetwork.com\/es\/lodges\/los-gigantes\/"},{"@type":"ListItem","position":4,"name":"Espacios","item":"https:\/\/sholeo.polanetwork.com\/es\/lodges\/los-gigantes\/espacios\/"},{"@type":"ListItem","position":5,"name":"Piscina &amp; Solarium"}]},{"@type":"WebSite","@id":"https:\/\/sholeo.polanetwork.com\/es\/#website","url":"https:\/\/sholeo.polanetwork.com\/es\/","name":"Sholeo Lodges","description":"","potentialAction":[{"@type":"SearchAction","target":{"@type":"EntryPoint","urlTemplate":"https:\/\/sholeo.polanetwork.com\/es\/?s={search_term_string}"},"query-input":{"@type":"PropertyValueSpecification","valueRequired":true,"valueName":"search_term_string"}}],"inLanguage":"es"}]}},"_links":{"self":[{"href":"https:\/\/sholeo.polanetwork.com\/es\/wp-json\/wp\/v2\/pages\/5920","targetHints":{"allow":["GET"]}}],"collection":[{"href":"https:\/\/sholeo.polanetwork.com\/es\/wp-json\/wp\/v2\/pages"}],"about":[{"href":"https:\/\/sholeo.polanetwork.com\/es\/wp-json\/wp\/v2\/types\/page"}],"author":[{"embeddable":true,"href":"https:\/\/sholeo.polanetwork.com\/es\/wp-json\/wp\/v2\/users\/19"}],"replies":[{"embeddable":true,"href":"https:\/\/sholeo.polanetwork.com\/es\/wp-json\/wp\/v2\/comments?post=5920"}],"version-history":[{"count":23,"href":"https:\/\/sholeo.polanetwork.com\/es\/wp-json\/wp\/v2\/pages\/5920\/revisions"}],"predecessor-version":[{"id":18472,"href":"https:\/\/sholeo.polanetwork.com\/es\/wp-json\/wp\/v2\/pages\/5920\/revisions\/18472"}],"up":[{"embeddable":true,"href":"https:\/\/sholeo.polanetwork.com\/es\/wp-json\/wp\/v2\/pages\/718"}],"wp:attachment":[{"href":"https:\/\/sholeo.polanetwork.com\/es\/wp-json\/wp\/v2\/media?parent=5920"}],"curies":[{"name":"wp","href":"https:\/\/api.w.org\/{rel}","templated":true}]}}