{"id":4281,"date":"2025-02-13T15:09:15","date_gmt":"2025-02-13T14:09:15","guid":{"rendered":"https:\/\/sholeolodges.nubedev.es\/?page_id=4281"},"modified":"2026-01-29T14:23:13","modified_gmt":"2026-01-29T13:23:13","slug":"galeria","status":"publish","type":"page","link":"https:\/\/sholeo.polanetwork.com\/es\/lodges\/maspalomas\/galeria\/","title":{"rendered":"Galer\u00eda"},"content":{"rendered":"","protected":false},"excerpt":{"rendered":"","protected":false},"author":19,"featured_media":0,"parent":144,"menu_order":0,"comment_status":"closed","ping_status":"closed","template":"","meta":{"_acf_changed":false,"inline_featured_image":false,"footnotes":""},"class_list":["post-4281","page","type-page","status-publish","hentry"],"acf":[],"yoast_head":"<!-- This site is optimized with the Yoast SEO plugin v26.8 - https:\/\/yoast.com\/product\/yoast-seo-wordpress\/ -->\n<title>Galer\u00eda de imagenes | Sholeo Lodges Maspalomas<\/title>\n<meta name=\"description\" content=\"Explora los Sholeo Lodges en Maspalomas, donde la relajaci\u00f3n y el dise\u00f1o se fusionan en un ambiente exclusivo.\" \/>\n<meta name=\"robots\" content=\"noindex, follow, max-snippet:-1, max-image-preview:large, max-video-preview:-1\" \/>\n<meta property=\"og:locale\" content=\"es_ES\" \/>\n<meta property=\"og:type\" content=\"article\" \/>\n<meta property=\"og:title\" content=\"Galer\u00eda de imagenes | Sholeo Lodges Maspalomas\" \/>\n<meta property=\"og:description\" content=\"Explora los Sholeo Lodges en Maspalomas, donde la relajaci\u00f3n y el dise\u00f1o se fusionan en un ambiente exclusivo.\" \/>\n<meta property=\"og:url\" content=\"https:\/\/sholeo.polanetwork.com\/es\/lodges\/maspalomas\/galeria\/\" \/>\n<meta property=\"og:site_name\" content=\"Sholeo Lodges\" \/>\n<meta property=\"article:modified_time\" content=\"2026-01-29T13:23:13+00:00\" \/>\n<meta name=\"twitter:card\" content=\"summary_large_image\" \/>\n<script type=\"application\/ld+json\" class=\"yoast-schema-graph\">{\"@context\":\"https:\/\/schema.org\",\"@graph\":[{\"@type\":\"WebPage\",\"@id\":\"https:\/\/sholeo.polanetwork.com\/es\/lodges\/maspalomas\/galeria\/\",\"url\":\"https:\/\/sholeo.polanetwork.com\/es\/lodges\/maspalomas\/galeria\/\",\"name\":\"Galer\u00eda de imagenes | Sholeo Lodges Maspalomas\",\"isPartOf\":{\"@id\":\"https:\/\/sholeo.polanetwork.com\/es\/#website\"},\"datePublished\":\"2025-02-13T14:09:15+00:00\",\"dateModified\":\"2026-01-29T13:23:13+00:00\",\"description\":\"Explora los Sholeo Lodges en Maspalomas, donde la relajaci\u00f3n y el dise\u00f1o se fusionan en un ambiente exclusivo.\",\"breadcrumb\":{\"@id\":\"https:\/\/sholeo.polanetwork.com\/es\/lodges\/maspalomas\/galeria\/#breadcrumb\"},\"inLanguage\":\"es\",\"potentialAction\":[{\"@type\":\"ReadAction\",\"target\":[\"https:\/\/sholeo.polanetwork.com\/es\/lodges\/maspalomas\/galeria\/\"]}]},{\"@type\":\"BreadcrumbList\",\"@id\":\"https:\/\/sholeo.polanetwork.com\/es\/lodges\/maspalomas\/galeria\/#breadcrumb\",\"itemListElement\":[{\"@type\":\"ListItem\",\"position\":1,\"name\":\"Home\",\"item\":\"https:\/\/sholeo.polanetwork.com\/es\/\"},{\"@type\":\"ListItem\",\"position\":2,\"name\":\"Lodges\",\"item\":\"https:\/\/sholeo.polanetwork.com\/es\/lodges\/\"},{\"@type\":\"ListItem\",\"position\":3,\"name\":\"Maspalomas\",\"item\":\"https:\/\/sholeo.polanetwork.com\/es\/lodges\/maspalomas\/\"},{\"@type\":\"ListItem\",\"position\":4,\"name\":\"Galer\u00eda\"}]},{\"@type\":\"WebSite\",\"@id\":\"https:\/\/sholeo.polanetwork.com\/es\/#website\",\"url\":\"https:\/\/sholeo.polanetwork.com\/es\/\",\"name\":\"Sholeo Lodges\",\"description\":\"\",\"potentialAction\":[{\"@type\":\"SearchAction\",\"target\":{\"@type\":\"EntryPoint\",\"urlTemplate\":\"https:\/\/sholeo.polanetwork.com\/es\/?s={search_term_string}\"},\"query-input\":{\"@type\":\"PropertyValueSpecification\",\"valueRequired\":true,\"valueName\":\"search_term_string\"}}],\"inLanguage\":\"es\"}]}<\/script>\n<!-- \/ Yoast SEO plugin. -->","yoast_head_json":{"title":"Galer\u00eda de imagenes | Sholeo Lodges Maspalomas","description":"Explora los Sholeo Lodges en Maspalomas, donde la relajaci\u00f3n y el dise\u00f1o se fusionan en un ambiente exclusivo.","robots":{"index":"noindex","follow":"follow","max-snippet":"max-snippet:-1","max-image-preview":"max-image-preview:large","max-video-preview":"max-video-preview:-1"},"og_locale":"es_ES","og_type":"article","og_title":"Galer\u00eda de imagenes | Sholeo Lodges Maspalomas","og_description":"Explora los Sholeo Lodges en Maspalomas, donde la relajaci\u00f3n y el dise\u00f1o se fusionan en un ambiente exclusivo.","og_url":"https:\/\/sholeo.polanetwork.com\/es\/lodges\/maspalomas\/galeria\/","og_site_name":"Sholeo Lodges","article_modified_time":"2026-01-29T13:23:13+00:00","twitter_card":"summary_large_image","schema":{"@context":"https:\/\/schema.org","@graph":[{"@type":"WebPage","@id":"https:\/\/sholeo.polanetwork.com\/es\/lodges\/maspalomas\/galeria\/","url":"https:\/\/sholeo.polanetwork.com\/es\/lodges\/maspalomas\/galeria\/","name":"Galer\u00eda de imagenes | Sholeo Lodges Maspalomas","isPartOf":{"@id":"https:\/\/sholeo.polanetwork.com\/es\/#website"},"datePublished":"2025-02-13T14:09:15+00:00","dateModified":"2026-01-29T13:23:13+00:00","description":"Explora los Sholeo Lodges en Maspalomas, donde la relajaci\u00f3n y el dise\u00f1o se fusionan en un ambiente exclusivo.","breadcrumb":{"@id":"https:\/\/sholeo.polanetwork.com\/es\/lodges\/maspalomas\/galeria\/#breadcrumb"},"inLanguage":"es","potentialAction":[{"@type":"ReadAction","target":["https:\/\/sholeo.polanetwork.com\/es\/lodges\/maspalomas\/galeria\/"]}]},{"@type":"BreadcrumbList","@id":"https:\/\/sholeo.polanetwork.com\/es\/lodges\/maspalomas\/galeria\/#breadcrumb","itemListElement":[{"@type":"ListItem","position":1,"name":"Home","item":"https:\/\/sholeo.polanetwork.com\/es\/"},{"@type":"ListItem","position":2,"name":"Lodges","item":"https:\/\/sholeo.polanetwork.com\/es\/lodges\/"},{"@type":"ListItem","position":3,"name":"Maspalomas","item":"https:\/\/sholeo.polanetwork.com\/es\/lodges\/maspalomas\/"},{"@type":"ListItem","position":4,"name":"Galer\u00eda"}]},{"@type":"WebSite","@id":"https:\/\/sholeo.polanetwork.com\/es\/#website","url":"https:\/\/sholeo.polanetwork.com\/es\/","name":"Sholeo Lodges","description":"","potentialAction":[{"@type":"SearchAction","target":{"@type":"EntryPoint","urlTemplate":"https:\/\/sholeo.polanetwork.com\/es\/?s={search_term_string}"},"query-input":{"@type":"PropertyValueSpecification","valueRequired":true,"valueName":"search_term_string"}}],"inLanguage":"es"}]}},"_links":{"self":[{"href":"https:\/\/sholeo.polanetwork.com\/es\/wp-json\/wp\/v2\/pages\/4281","targetHints":{"allow":["GET"]}}],"collection":[{"href":"https:\/\/sholeo.polanetwork.com\/es\/wp-json\/wp\/v2\/pages"}],"about":[{"href":"https:\/\/sholeo.polanetwork.com\/es\/wp-json\/wp\/v2\/types\/page"}],"author":[{"embeddable":true,"href":"https:\/\/sholeo.polanetwork.com\/es\/wp-json\/wp\/v2\/users\/19"}],"replies":[{"embeddable":true,"href":"https:\/\/sholeo.polanetwork.com\/es\/wp-json\/wp\/v2\/comments?post=4281"}],"version-history":[{"count":51,"href":"https:\/\/sholeo.polanetwork.com\/es\/wp-json\/wp\/v2\/pages\/4281\/revisions"}],"predecessor-version":[{"id":18476,"href":"https:\/\/sholeo.polanetwork.com\/es\/wp-json\/wp\/v2\/pages\/4281\/revisions\/18476"}],"up":[{"embeddable":true,"href":"https:\/\/sholeo.polanetwork.com\/es\/wp-json\/wp\/v2\/pages\/144"}],"wp:attachment":[{"href":"https:\/\/sholeo.polanetwork.com\/es\/wp-json\/wp\/v2\/media?parent=4281"}],"curies":[{"name":"wp","href":"https:\/\/api.w.org\/{rel}","templated":true}]}}