{"id":4068,"date":"2025-02-12T13:27:51","date_gmt":"2025-02-12T12:27:51","guid":{"rendered":"https:\/\/sholeolodges.nubedev.es\/?page_id=4068"},"modified":"2025-03-25T08:57:32","modified_gmt":"2025-03-25T07:57:32","slug":"lavanderia-autoservicio","status":"publish","type":"page","link":"https:\/\/sholeo.polanetwork.com\/es\/flats\/la-cicer\/espacios\/lavanderia-autoservicio\/","title":{"rendered":"Lavander\u00eda Autoservicio"},"content":{"rendered":"","protected":false},"excerpt":{"rendered":"","protected":false},"author":19,"featured_media":0,"parent":4063,"menu_order":0,"comment_status":"closed","ping_status":"closed","template":"","meta":{"_acf_changed":false,"inline_featured_image":false,"footnotes":""},"class_list":["post-4068","page","type-page","status-publish","hentry"],"acf":[],"yoast_head":"<!-- This site is optimized with the Yoast SEO plugin v26.8 - https:\/\/yoast.com\/product\/yoast-seo-wordpress\/ -->\n<title>Lavander\u00eda Autoservicio en tu apartamento vacacional | Sholeo Lodges La Cicer<\/title>\n<meta name=\"description\" content=\"Lavander\u00eda autoservicio en tu apartamento vacacional en Las Palmas gracias a Sholeo Lodges La Cicer, y mant\u00e9n tu ropa limpia.\" \/>\n<meta name=\"robots\" content=\"noindex, follow, max-snippet:-1, max-image-preview:large, max-video-preview:-1\" \/>\n<meta property=\"og:locale\" content=\"es_ES\" \/>\n<meta property=\"og:type\" content=\"article\" \/>\n<meta property=\"og:title\" content=\"Lavander\u00eda Autoservicio en tu apartamento vacacional | Sholeo Lodges La Cicer\" \/>\n<meta property=\"og:description\" content=\"Lavander\u00eda autoservicio en tu apartamento vacacional en Las Palmas gracias a Sholeo Lodges La Cicer, y mant\u00e9n tu ropa limpia.\" \/>\n<meta property=\"og:url\" content=\"https:\/\/sholeo.polanetwork.com\/es\/flats\/la-cicer\/espacios\/lavanderia-autoservicio\/\" \/>\n<meta property=\"og:site_name\" content=\"Sholeo Lodges\" \/>\n<meta property=\"article:modified_time\" content=\"2025-03-25T07:57:32+00:00\" \/>\n<meta name=\"twitter:card\" content=\"summary_large_image\" \/>\n<script type=\"application\/ld+json\" class=\"yoast-schema-graph\">{\"@context\":\"https:\/\/schema.org\",\"@graph\":[{\"@type\":\"WebPage\",\"@id\":\"https:\/\/sholeo.polanetwork.com\/es\/flats\/la-cicer\/espacios\/lavanderia-autoservicio\/\",\"url\":\"https:\/\/sholeo.polanetwork.com\/es\/flats\/la-cicer\/espacios\/lavanderia-autoservicio\/\",\"name\":\"Lavander\u00eda Autoservicio en tu apartamento vacacional | Sholeo Lodges La Cicer\",\"isPartOf\":{\"@id\":\"https:\/\/sholeo.polanetwork.com\/es\/#website\"},\"datePublished\":\"2025-02-12T12:27:51+00:00\",\"dateModified\":\"2025-03-25T07:57:32+00:00\",\"description\":\"Lavander\u00eda autoservicio en tu apartamento vacacional en Las Palmas gracias a Sholeo Lodges La Cicer, y mant\u00e9n tu ropa limpia.\",\"breadcrumb\":{\"@id\":\"https:\/\/sholeo.polanetwork.com\/es\/flats\/la-cicer\/espacios\/lavanderia-autoservicio\/#breadcrumb\"},\"inLanguage\":\"es\",\"potentialAction\":[{\"@type\":\"ReadAction\",\"target\":[\"https:\/\/sholeo.polanetwork.com\/es\/flats\/la-cicer\/espacios\/lavanderia-autoservicio\/\"]}]},{\"@type\":\"BreadcrumbList\",\"@id\":\"https:\/\/sholeo.polanetwork.com\/es\/flats\/la-cicer\/espacios\/lavanderia-autoservicio\/#breadcrumb\",\"itemListElement\":[{\"@type\":\"ListItem\",\"position\":1,\"name\":\"Home\",\"item\":\"https:\/\/sholeo.polanetwork.com\/es\/\"},{\"@type\":\"ListItem\",\"position\":2,\"name\":\"Flats\",\"item\":\"https:\/\/sholeo.polanetwork.com\/es\/flats\/\"},{\"@type\":\"ListItem\",\"position\":3,\"name\":\"La C\u00edcer\",\"item\":\"https:\/\/sholeo.polanetwork.com\/es\/flats\/la-cicer\/\"},{\"@type\":\"ListItem\",\"position\":4,\"name\":\"Espacios\",\"item\":\"https:\/\/sholeo.polanetwork.com\/es\/flats\/la-cicer\/espacios\/\"},{\"@type\":\"ListItem\",\"position\":5,\"name\":\"Lavander\u00eda Autoservicio\"}]},{\"@type\":\"WebSite\",\"@id\":\"https:\/\/sholeo.polanetwork.com\/es\/#website\",\"url\":\"https:\/\/sholeo.polanetwork.com\/es\/\",\"name\":\"Sholeo Lodges\",\"description\":\"\",\"potentialAction\":[{\"@type\":\"SearchAction\",\"target\":{\"@type\":\"EntryPoint\",\"urlTemplate\":\"https:\/\/sholeo.polanetwork.com\/es\/?s={search_term_string}\"},\"query-input\":{\"@type\":\"PropertyValueSpecification\",\"valueRequired\":true,\"valueName\":\"search_term_string\"}}],\"inLanguage\":\"es\"}]}<\/script>\n<!-- \/ Yoast SEO plugin. -->","yoast_head_json":{"title":"Lavander\u00eda Autoservicio en tu apartamento vacacional | Sholeo Lodges La Cicer","description":"Lavander\u00eda autoservicio en tu apartamento vacacional en Las Palmas gracias a Sholeo Lodges La Cicer, y mant\u00e9n tu ropa limpia.","robots":{"index":"noindex","follow":"follow","max-snippet":"max-snippet:-1","max-image-preview":"max-image-preview:large","max-video-preview":"max-video-preview:-1"},"og_locale":"es_ES","og_type":"article","og_title":"Lavander\u00eda Autoservicio en tu apartamento vacacional | Sholeo Lodges La Cicer","og_description":"Lavander\u00eda autoservicio en tu apartamento vacacional en Las Palmas gracias a Sholeo Lodges La Cicer, y mant\u00e9n tu ropa limpia.","og_url":"https:\/\/sholeo.polanetwork.com\/es\/flats\/la-cicer\/espacios\/lavanderia-autoservicio\/","og_site_name":"Sholeo Lodges","article_modified_time":"2025-03-25T07:57:32+00:00","twitter_card":"summary_large_image","schema":{"@context":"https:\/\/schema.org","@graph":[{"@type":"WebPage","@id":"https:\/\/sholeo.polanetwork.com\/es\/flats\/la-cicer\/espacios\/lavanderia-autoservicio\/","url":"https:\/\/sholeo.polanetwork.com\/es\/flats\/la-cicer\/espacios\/lavanderia-autoservicio\/","name":"Lavander\u00eda Autoservicio en tu apartamento vacacional | Sholeo Lodges La Cicer","isPartOf":{"@id":"https:\/\/sholeo.polanetwork.com\/es\/#website"},"datePublished":"2025-02-12T12:27:51+00:00","dateModified":"2025-03-25T07:57:32+00:00","description":"Lavander\u00eda autoservicio en tu apartamento vacacional en Las Palmas gracias a Sholeo Lodges La Cicer, y mant\u00e9n tu ropa limpia.","breadcrumb":{"@id":"https:\/\/sholeo.polanetwork.com\/es\/flats\/la-cicer\/espacios\/lavanderia-autoservicio\/#breadcrumb"},"inLanguage":"es","potentialAction":[{"@type":"ReadAction","target":["https:\/\/sholeo.polanetwork.com\/es\/flats\/la-cicer\/espacios\/lavanderia-autoservicio\/"]}]},{"@type":"BreadcrumbList","@id":"https:\/\/sholeo.polanetwork.com\/es\/flats\/la-cicer\/espacios\/lavanderia-autoservicio\/#breadcrumb","itemListElement":[{"@type":"ListItem","position":1,"name":"Home","item":"https:\/\/sholeo.polanetwork.com\/es\/"},{"@type":"ListItem","position":2,"name":"Flats","item":"https:\/\/sholeo.polanetwork.com\/es\/flats\/"},{"@type":"ListItem","position":3,"name":"La C\u00edcer","item":"https:\/\/sholeo.polanetwork.com\/es\/flats\/la-cicer\/"},{"@type":"ListItem","position":4,"name":"Espacios","item":"https:\/\/sholeo.polanetwork.com\/es\/flats\/la-cicer\/espacios\/"},{"@type":"ListItem","position":5,"name":"Lavander\u00eda Autoservicio"}]},{"@type":"WebSite","@id":"https:\/\/sholeo.polanetwork.com\/es\/#website","url":"https:\/\/sholeo.polanetwork.com\/es\/","name":"Sholeo Lodges","description":"","potentialAction":[{"@type":"SearchAction","target":{"@type":"EntryPoint","urlTemplate":"https:\/\/sholeo.polanetwork.com\/es\/?s={search_term_string}"},"query-input":{"@type":"PropertyValueSpecification","valueRequired":true,"valueName":"search_term_string"}}],"inLanguage":"es"}]}},"_links":{"self":[{"href":"https:\/\/sholeo.polanetwork.com\/es\/wp-json\/wp\/v2\/pages\/4068","targetHints":{"allow":["GET"]}}],"collection":[{"href":"https:\/\/sholeo.polanetwork.com\/es\/wp-json\/wp\/v2\/pages"}],"about":[{"href":"https:\/\/sholeo.polanetwork.com\/es\/wp-json\/wp\/v2\/types\/page"}],"author":[{"embeddable":true,"href":"https:\/\/sholeo.polanetwork.com\/es\/wp-json\/wp\/v2\/users\/19"}],"replies":[{"embeddable":true,"href":"https:\/\/sholeo.polanetwork.com\/es\/wp-json\/wp\/v2\/comments?post=4068"}],"version-history":[{"count":8,"href":"https:\/\/sholeo.polanetwork.com\/es\/wp-json\/wp\/v2\/pages\/4068\/revisions"}],"predecessor-version":[{"id":9063,"href":"https:\/\/sholeo.polanetwork.com\/es\/wp-json\/wp\/v2\/pages\/4068\/revisions\/9063"}],"up":[{"embeddable":true,"href":"https:\/\/sholeo.polanetwork.com\/es\/wp-json\/wp\/v2\/pages\/4063"}],"wp:attachment":[{"href":"https:\/\/sholeo.polanetwork.com\/es\/wp-json\/wp\/v2\/media?parent=4068"}],"curies":[{"name":"wp","href":"https:\/\/api.w.org\/{rel}","templated":true}]}}