{"id":3749,"date":"2025-02-11T14:59:58","date_gmt":"2025-02-11T13:59:58","guid":{"rendered":"http:\/\/sholeo-lodges.test\/?page_id=3749"},"modified":"2026-02-11T17:24:30","modified_gmt":"2026-02-11T16:24:30","slug":"explore","status":"publish","type":"page","link":"https:\/\/sholeo.polanetwork.com\/es\/flats\/las-palmas\/explore\/","title":{"rendered":"Explore"},"content":{"rendered":"","protected":false},"excerpt":{"rendered":"","protected":false},"author":19,"featured_media":0,"parent":134,"menu_order":0,"comment_status":"closed","ping_status":"closed","template":"","meta":{"_acf_changed":false,"inline_featured_image":false,"footnotes":""},"class_list":["post-3749","page","type-page","status-publish","hentry"],"acf":[],"yoast_head":"<!-- This site is optimized with the Yoast SEO plugin v26.8 - https:\/\/yoast.com\/product\/yoast-seo-wordpress\/ -->\n<title>Explora Las Palmas con nuestros apartamentos tur\u00edsticos | Sholeo Lodges<\/title>\n<meta name=\"description\" content=\"Vive la aventura en Las Palmas. Al\u00f3jate en nuestros apartamentos tur\u00edsticos para disfrutar de actividades como surf, buceo y m\u00e1s.\" \/>\n<meta name=\"robots\" content=\"noindex, follow, max-snippet:-1, max-image-preview:large, max-video-preview:-1\" \/>\n<meta property=\"og:locale\" content=\"es_ES\" \/>\n<meta property=\"og:type\" content=\"article\" \/>\n<meta property=\"og:title\" content=\"Explora Las Palmas con nuestros apartamentos tur\u00edsticos | Sholeo Lodges\" \/>\n<meta property=\"og:description\" content=\"Vive la aventura en Las Palmas. Al\u00f3jate en nuestros apartamentos tur\u00edsticos para disfrutar de actividades como surf, buceo y m\u00e1s.\" \/>\n<meta property=\"og:url\" content=\"https:\/\/sholeo.polanetwork.com\/es\/flats\/las-palmas\/explore\/\" \/>\n<meta property=\"og:site_name\" content=\"Sholeo Lodges\" \/>\n<meta property=\"article:modified_time\" content=\"2026-02-11T16:24:30+00:00\" \/>\n<meta name=\"twitter:card\" content=\"summary_large_image\" \/>\n<script type=\"application\/ld+json\" class=\"yoast-schema-graph\">{\"@context\":\"https:\/\/schema.org\",\"@graph\":[{\"@type\":\"WebPage\",\"@id\":\"https:\/\/sholeo.polanetwork.com\/es\/flats\/las-palmas\/explore\/\",\"url\":\"https:\/\/sholeo.polanetwork.com\/es\/flats\/las-palmas\/explore\/\",\"name\":\"Explora Las Palmas con nuestros apartamentos tur\u00edsticos | Sholeo Lodges\",\"isPartOf\":{\"@id\":\"https:\/\/sholeo.polanetwork.com\/es\/#website\"},\"datePublished\":\"2025-02-11T13:59:58+00:00\",\"dateModified\":\"2026-02-11T16:24:30+00:00\",\"description\":\"Vive la aventura en Las Palmas. Al\u00f3jate en nuestros apartamentos tur\u00edsticos para disfrutar de actividades como surf, buceo y m\u00e1s.\",\"breadcrumb\":{\"@id\":\"https:\/\/sholeo.polanetwork.com\/es\/flats\/las-palmas\/explore\/#breadcrumb\"},\"inLanguage\":\"es\",\"potentialAction\":[{\"@type\":\"ReadAction\",\"target\":[\"https:\/\/sholeo.polanetwork.com\/es\/flats\/las-palmas\/explore\/\"]}]},{\"@type\":\"BreadcrumbList\",\"@id\":\"https:\/\/sholeo.polanetwork.com\/es\/flats\/las-palmas\/explore\/#breadcrumb\",\"itemListElement\":[{\"@type\":\"ListItem\",\"position\":1,\"name\":\"Home\",\"item\":\"https:\/\/sholeo.polanetwork.com\/es\/\"},{\"@type\":\"ListItem\",\"position\":2,\"name\":\"Flats\",\"item\":\"https:\/\/sholeo.polanetwork.com\/es\/flats\/\"},{\"@type\":\"ListItem\",\"position\":3,\"name\":\"Las Palmas\",\"item\":\"https:\/\/sholeo.polanetwork.com\/es\/flats\/las-palmas\/\"},{\"@type\":\"ListItem\",\"position\":4,\"name\":\"Explore\"}]},{\"@type\":\"WebSite\",\"@id\":\"https:\/\/sholeo.polanetwork.com\/es\/#website\",\"url\":\"https:\/\/sholeo.polanetwork.com\/es\/\",\"name\":\"Sholeo Lodges\",\"description\":\"\",\"potentialAction\":[{\"@type\":\"SearchAction\",\"target\":{\"@type\":\"EntryPoint\",\"urlTemplate\":\"https:\/\/sholeo.polanetwork.com\/es\/?s={search_term_string}\"},\"query-input\":{\"@type\":\"PropertyValueSpecification\",\"valueRequired\":true,\"valueName\":\"search_term_string\"}}],\"inLanguage\":\"es\"}]}<\/script>\n<!-- \/ Yoast SEO plugin. -->","yoast_head_json":{"title":"Explora Las Palmas con nuestros apartamentos tur\u00edsticos | Sholeo Lodges","description":"Vive la aventura en Las Palmas. Al\u00f3jate en nuestros apartamentos tur\u00edsticos para disfrutar de actividades como surf, buceo y m\u00e1s.","robots":{"index":"noindex","follow":"follow","max-snippet":"max-snippet:-1","max-image-preview":"max-image-preview:large","max-video-preview":"max-video-preview:-1"},"og_locale":"es_ES","og_type":"article","og_title":"Explora Las Palmas con nuestros apartamentos tur\u00edsticos | Sholeo Lodges","og_description":"Vive la aventura en Las Palmas. Al\u00f3jate en nuestros apartamentos tur\u00edsticos para disfrutar de actividades como surf, buceo y m\u00e1s.","og_url":"https:\/\/sholeo.polanetwork.com\/es\/flats\/las-palmas\/explore\/","og_site_name":"Sholeo Lodges","article_modified_time":"2026-02-11T16:24:30+00:00","twitter_card":"summary_large_image","schema":{"@context":"https:\/\/schema.org","@graph":[{"@type":"WebPage","@id":"https:\/\/sholeo.polanetwork.com\/es\/flats\/las-palmas\/explore\/","url":"https:\/\/sholeo.polanetwork.com\/es\/flats\/las-palmas\/explore\/","name":"Explora Las Palmas con nuestros apartamentos tur\u00edsticos | Sholeo Lodges","isPartOf":{"@id":"https:\/\/sholeo.polanetwork.com\/es\/#website"},"datePublished":"2025-02-11T13:59:58+00:00","dateModified":"2026-02-11T16:24:30+00:00","description":"Vive la aventura en Las Palmas. Al\u00f3jate en nuestros apartamentos tur\u00edsticos para disfrutar de actividades como surf, buceo y m\u00e1s.","breadcrumb":{"@id":"https:\/\/sholeo.polanetwork.com\/es\/flats\/las-palmas\/explore\/#breadcrumb"},"inLanguage":"es","potentialAction":[{"@type":"ReadAction","target":["https:\/\/sholeo.polanetwork.com\/es\/flats\/las-palmas\/explore\/"]}]},{"@type":"BreadcrumbList","@id":"https:\/\/sholeo.polanetwork.com\/es\/flats\/las-palmas\/explore\/#breadcrumb","itemListElement":[{"@type":"ListItem","position":1,"name":"Home","item":"https:\/\/sholeo.polanetwork.com\/es\/"},{"@type":"ListItem","position":2,"name":"Flats","item":"https:\/\/sholeo.polanetwork.com\/es\/flats\/"},{"@type":"ListItem","position":3,"name":"Las Palmas","item":"https:\/\/sholeo.polanetwork.com\/es\/flats\/las-palmas\/"},{"@type":"ListItem","position":4,"name":"Explore"}]},{"@type":"WebSite","@id":"https:\/\/sholeo.polanetwork.com\/es\/#website","url":"https:\/\/sholeo.polanetwork.com\/es\/","name":"Sholeo Lodges","description":"","potentialAction":[{"@type":"SearchAction","target":{"@type":"EntryPoint","urlTemplate":"https:\/\/sholeo.polanetwork.com\/es\/?s={search_term_string}"},"query-input":{"@type":"PropertyValueSpecification","valueRequired":true,"valueName":"search_term_string"}}],"inLanguage":"es"}]}},"_links":{"self":[{"href":"https:\/\/sholeo.polanetwork.com\/es\/wp-json\/wp\/v2\/pages\/3749","targetHints":{"allow":["GET"]}}],"collection":[{"href":"https:\/\/sholeo.polanetwork.com\/es\/wp-json\/wp\/v2\/pages"}],"about":[{"href":"https:\/\/sholeo.polanetwork.com\/es\/wp-json\/wp\/v2\/types\/page"}],"author":[{"embeddable":true,"href":"https:\/\/sholeo.polanetwork.com\/es\/wp-json\/wp\/v2\/users\/19"}],"replies":[{"embeddable":true,"href":"https:\/\/sholeo.polanetwork.com\/es\/wp-json\/wp\/v2\/comments?post=3749"}],"version-history":[{"count":13,"href":"https:\/\/sholeo.polanetwork.com\/es\/wp-json\/wp\/v2\/pages\/3749\/revisions"}],"predecessor-version":[{"id":21845,"href":"https:\/\/sholeo.polanetwork.com\/es\/wp-json\/wp\/v2\/pages\/3749\/revisions\/21845"}],"up":[{"embeddable":true,"href":"https:\/\/sholeo.polanetwork.com\/es\/wp-json\/wp\/v2\/pages\/134"}],"wp:attachment":[{"href":"https:\/\/sholeo.polanetwork.com\/es\/wp-json\/wp\/v2\/media?parent=3749"}],"curies":[{"name":"wp","href":"https:\/\/api.w.org\/{rel}","templated":true}]}}