{"id":2961,"date":"2025-02-04T10:48:49","date_gmt":"2025-02-04T09:48:49","guid":{"rendered":"https:\/\/sholeolodges.nubedev.es\/?page_id=2961"},"modified":"2026-01-29T14:09:56","modified_gmt":"2026-01-29T13:09:56","slug":"lavanderia-autoservicio","status":"publish","type":"page","link":"https:\/\/sholeo.polanetwork.com\/es\/flats\/las-palmas\/espacios\/lavanderia-autoservicio\/","title":{"rendered":"Lavander\u00eda Autoservicio"},"content":{"rendered":"","protected":false},"excerpt":{"rendered":"","protected":false},"author":19,"featured_media":0,"parent":2796,"menu_order":0,"comment_status":"closed","ping_status":"closed","template":"","meta":{"_acf_changed":false,"inline_featured_image":false,"footnotes":""},"class_list":["post-2961","page","type-page","status-publish","hentry"],"acf":[],"yoast_head":"<!-- This site is optimized with the Yoast SEO plugin v26.8 - https:\/\/yoast.com\/product\/yoast-seo-wordpress\/ -->\n<title>Lavander\u00eda Autoservicio en nuestros apartamentos tur\u00edsticos| Sholeo Lodges<\/title>\n<meta name=\"description\" content=\"Disfruta de un servicio de lavander\u00eda autoservicio para los clientes de Sholeo Lodge en Las Palmas de Gran Canarias.\" \/>\n<meta name=\"robots\" content=\"noindex, follow, max-snippet:-1, max-image-preview:large, max-video-preview:-1\" \/>\n<meta property=\"og:locale\" content=\"es_ES\" \/>\n<meta property=\"og:type\" content=\"article\" \/>\n<meta property=\"og:title\" content=\"Lavander\u00eda Autoservicio en nuestros apartamentos tur\u00edsticos| Sholeo Lodges\" \/>\n<meta property=\"og:description\" content=\"Disfruta de un servicio de lavander\u00eda autoservicio para los clientes de Sholeo Lodge en Las Palmas de Gran Canarias.\" \/>\n<meta property=\"og:url\" content=\"https:\/\/sholeo.polanetwork.com\/es\/flats\/las-palmas\/espacios\/lavanderia-autoservicio\/\" \/>\n<meta property=\"og:site_name\" content=\"Sholeo Lodges\" \/>\n<meta property=\"article:modified_time\" content=\"2026-01-29T13:09:56+00:00\" \/>\n<meta name=\"twitter:card\" content=\"summary_large_image\" \/>\n<script type=\"application\/ld+json\" class=\"yoast-schema-graph\">{\"@context\":\"https:\/\/schema.org\",\"@graph\":[{\"@type\":\"WebPage\",\"@id\":\"https:\/\/sholeo.polanetwork.com\/es\/flats\/las-palmas\/espacios\/lavanderia-autoservicio\/\",\"url\":\"https:\/\/sholeo.polanetwork.com\/es\/flats\/las-palmas\/espacios\/lavanderia-autoservicio\/\",\"name\":\"Lavander\u00eda Autoservicio en nuestros apartamentos tur\u00edsticos| Sholeo Lodges\",\"isPartOf\":{\"@id\":\"https:\/\/sholeo.polanetwork.com\/es\/#website\"},\"datePublished\":\"2025-02-04T09:48:49+00:00\",\"dateModified\":\"2026-01-29T13:09:56+00:00\",\"description\":\"Disfruta de un servicio de lavander\u00eda autoservicio para los clientes de Sholeo Lodge en Las Palmas de Gran Canarias.\",\"breadcrumb\":{\"@id\":\"https:\/\/sholeo.polanetwork.com\/es\/flats\/las-palmas\/espacios\/lavanderia-autoservicio\/#breadcrumb\"},\"inLanguage\":\"es\",\"potentialAction\":[{\"@type\":\"ReadAction\",\"target\":[\"https:\/\/sholeo.polanetwork.com\/es\/flats\/las-palmas\/espacios\/lavanderia-autoservicio\/\"]}]},{\"@type\":\"BreadcrumbList\",\"@id\":\"https:\/\/sholeo.polanetwork.com\/es\/flats\/las-palmas\/espacios\/lavanderia-autoservicio\/#breadcrumb\",\"itemListElement\":[{\"@type\":\"ListItem\",\"position\":1,\"name\":\"Home\",\"item\":\"https:\/\/sholeo.polanetwork.com\/es\/\"},{\"@type\":\"ListItem\",\"position\":2,\"name\":\"Flats\",\"item\":\"https:\/\/sholeo.polanetwork.com\/es\/flats\/\"},{\"@type\":\"ListItem\",\"position\":3,\"name\":\"Las Palmas\",\"item\":\"https:\/\/sholeo.polanetwork.com\/es\/flats\/las-palmas\/\"},{\"@type\":\"ListItem\",\"position\":4,\"name\":\"Espacios\",\"item\":\"https:\/\/sholeo.polanetwork.com\/es\/flats\/las-palmas\/espacios\/\"},{\"@type\":\"ListItem\",\"position\":5,\"name\":\"Lavander\u00eda Autoservicio\"}]},{\"@type\":\"WebSite\",\"@id\":\"https:\/\/sholeo.polanetwork.com\/es\/#website\",\"url\":\"https:\/\/sholeo.polanetwork.com\/es\/\",\"name\":\"Sholeo Lodges\",\"description\":\"\",\"potentialAction\":[{\"@type\":\"SearchAction\",\"target\":{\"@type\":\"EntryPoint\",\"urlTemplate\":\"https:\/\/sholeo.polanetwork.com\/es\/?s={search_term_string}\"},\"query-input\":{\"@type\":\"PropertyValueSpecification\",\"valueRequired\":true,\"valueName\":\"search_term_string\"}}],\"inLanguage\":\"es\"}]}<\/script>\n<!-- \/ Yoast SEO plugin. -->","yoast_head_json":{"title":"Lavander\u00eda Autoservicio en nuestros apartamentos tur\u00edsticos| Sholeo Lodges","description":"Disfruta de un servicio de lavander\u00eda autoservicio para los clientes de Sholeo Lodge en Las Palmas de Gran Canarias.","robots":{"index":"noindex","follow":"follow","max-snippet":"max-snippet:-1","max-image-preview":"max-image-preview:large","max-video-preview":"max-video-preview:-1"},"og_locale":"es_ES","og_type":"article","og_title":"Lavander\u00eda Autoservicio en nuestros apartamentos tur\u00edsticos| Sholeo Lodges","og_description":"Disfruta de un servicio de lavander\u00eda autoservicio para los clientes de Sholeo Lodge en Las Palmas de Gran Canarias.","og_url":"https:\/\/sholeo.polanetwork.com\/es\/flats\/las-palmas\/espacios\/lavanderia-autoservicio\/","og_site_name":"Sholeo Lodges","article_modified_time":"2026-01-29T13:09:56+00:00","twitter_card":"summary_large_image","schema":{"@context":"https:\/\/schema.org","@graph":[{"@type":"WebPage","@id":"https:\/\/sholeo.polanetwork.com\/es\/flats\/las-palmas\/espacios\/lavanderia-autoservicio\/","url":"https:\/\/sholeo.polanetwork.com\/es\/flats\/las-palmas\/espacios\/lavanderia-autoservicio\/","name":"Lavander\u00eda Autoservicio en nuestros apartamentos tur\u00edsticos| Sholeo Lodges","isPartOf":{"@id":"https:\/\/sholeo.polanetwork.com\/es\/#website"},"datePublished":"2025-02-04T09:48:49+00:00","dateModified":"2026-01-29T13:09:56+00:00","description":"Disfruta de un servicio de lavander\u00eda autoservicio para los clientes de Sholeo Lodge en Las Palmas de Gran Canarias.","breadcrumb":{"@id":"https:\/\/sholeo.polanetwork.com\/es\/flats\/las-palmas\/espacios\/lavanderia-autoservicio\/#breadcrumb"},"inLanguage":"es","potentialAction":[{"@type":"ReadAction","target":["https:\/\/sholeo.polanetwork.com\/es\/flats\/las-palmas\/espacios\/lavanderia-autoservicio\/"]}]},{"@type":"BreadcrumbList","@id":"https:\/\/sholeo.polanetwork.com\/es\/flats\/las-palmas\/espacios\/lavanderia-autoservicio\/#breadcrumb","itemListElement":[{"@type":"ListItem","position":1,"name":"Home","item":"https:\/\/sholeo.polanetwork.com\/es\/"},{"@type":"ListItem","position":2,"name":"Flats","item":"https:\/\/sholeo.polanetwork.com\/es\/flats\/"},{"@type":"ListItem","position":3,"name":"Las Palmas","item":"https:\/\/sholeo.polanetwork.com\/es\/flats\/las-palmas\/"},{"@type":"ListItem","position":4,"name":"Espacios","item":"https:\/\/sholeo.polanetwork.com\/es\/flats\/las-palmas\/espacios\/"},{"@type":"ListItem","position":5,"name":"Lavander\u00eda Autoservicio"}]},{"@type":"WebSite","@id":"https:\/\/sholeo.polanetwork.com\/es\/#website","url":"https:\/\/sholeo.polanetwork.com\/es\/","name":"Sholeo Lodges","description":"","potentialAction":[{"@type":"SearchAction","target":{"@type":"EntryPoint","urlTemplate":"https:\/\/sholeo.polanetwork.com\/es\/?s={search_term_string}"},"query-input":{"@type":"PropertyValueSpecification","valueRequired":true,"valueName":"search_term_string"}}],"inLanguage":"es"}]}},"_links":{"self":[{"href":"https:\/\/sholeo.polanetwork.com\/es\/wp-json\/wp\/v2\/pages\/2961","targetHints":{"allow":["GET"]}}],"collection":[{"href":"https:\/\/sholeo.polanetwork.com\/es\/wp-json\/wp\/v2\/pages"}],"about":[{"href":"https:\/\/sholeo.polanetwork.com\/es\/wp-json\/wp\/v2\/types\/page"}],"author":[{"embeddable":true,"href":"https:\/\/sholeo.polanetwork.com\/es\/wp-json\/wp\/v2\/users\/19"}],"replies":[{"embeddable":true,"href":"https:\/\/sholeo.polanetwork.com\/es\/wp-json\/wp\/v2\/comments?post=2961"}],"version-history":[{"count":16,"href":"https:\/\/sholeo.polanetwork.com\/es\/wp-json\/wp\/v2\/pages\/2961\/revisions"}],"predecessor-version":[{"id":18451,"href":"https:\/\/sholeo.polanetwork.com\/es\/wp-json\/wp\/v2\/pages\/2961\/revisions\/18451"}],"up":[{"embeddable":true,"href":"https:\/\/sholeo.polanetwork.com\/es\/wp-json\/wp\/v2\/pages\/2796"}],"wp:attachment":[{"href":"https:\/\/sholeo.polanetwork.com\/es\/wp-json\/wp\/v2\/media?parent=2961"}],"curies":[{"name":"wp","href":"https:\/\/api.w.org\/{rel}","templated":true}]}}