{"id":2924,"date":"2025-02-04T10:26:12","date_gmt":"2025-02-04T09:26:12","guid":{"rendered":"https:\/\/sholeolodges.nubedev.es\/?page_id=2924"},"modified":"2026-02-18T18:58:16","modified_gmt":"2026-02-18T17:58:16","slug":"cool-working","status":"publish","type":"page","link":"https:\/\/sholeo.polanetwork.com\/es\/flats\/las-palmas\/espacios\/cool-working\/","title":{"rendered":"Cool Working"},"content":{"rendered":"","protected":false},"excerpt":{"rendered":"","protected":false},"author":19,"featured_media":0,"parent":2796,"menu_order":0,"comment_status":"closed","ping_status":"closed","template":"","meta":{"_acf_changed":false,"inline_featured_image":false,"footnotes":""},"class_list":["post-2924","page","type-page","status-publish","hentry"],"acf":[],"yoast_head":"<!-- This site is optimized with the Yoast SEO plugin v26.8 - https:\/\/yoast.com\/product\/yoast-seo-wordpress\/ -->\n<title>Cool Working Caf\u00e9 Las Palmas | Sholeo Lodges<\/title>\n<meta name=\"description\" content=\"Disfruta de un ambiente \u00fanico para trabajar en el Cool Working Caf\u00e9 de Sholeo Lodges Las Palmas, con Wi-Fi r\u00e1pido, caf\u00e9 y entorno natural.\" \/>\n<meta name=\"robots\" content=\"noindex, follow, max-snippet:-1, max-image-preview:large, max-video-preview:-1\" \/>\n<meta property=\"og:locale\" content=\"es_ES\" \/>\n<meta property=\"og:type\" content=\"article\" \/>\n<meta property=\"og:title\" content=\"Cool Working Caf\u00e9 Las Palmas | Sholeo Lodges\" \/>\n<meta property=\"og:description\" content=\"Disfruta de un ambiente \u00fanico para trabajar en el Cool Working Caf\u00e9 de Sholeo Lodges Las Palmas, con Wi-Fi r\u00e1pido, caf\u00e9 y entorno natural.\" \/>\n<meta property=\"og:url\" content=\"https:\/\/sholeo.polanetwork.com\/es\/flats\/las-palmas\/espacios\/cool-working\/\" \/>\n<meta property=\"og:site_name\" content=\"Sholeo Lodges\" \/>\n<meta property=\"article:modified_time\" content=\"2026-02-18T17:58:16+00:00\" \/>\n<meta name=\"twitter:card\" content=\"summary_large_image\" \/>\n<script type=\"application\/ld+json\" class=\"yoast-schema-graph\">{\"@context\":\"https:\/\/schema.org\",\"@graph\":[{\"@type\":\"WebPage\",\"@id\":\"https:\/\/sholeo.polanetwork.com\/es\/flats\/las-palmas\/espacios\/cool-working\/\",\"url\":\"https:\/\/sholeo.polanetwork.com\/es\/flats\/las-palmas\/espacios\/cool-working\/\",\"name\":\"Cool Working Caf\u00e9 Las Palmas | Sholeo Lodges\",\"isPartOf\":{\"@id\":\"https:\/\/sholeo.polanetwork.com\/es\/#website\"},\"datePublished\":\"2025-02-04T09:26:12+00:00\",\"dateModified\":\"2026-02-18T17:58:16+00:00\",\"description\":\"Disfruta de un ambiente \u00fanico para trabajar en el Cool Working Caf\u00e9 de Sholeo Lodges Las Palmas, con Wi-Fi r\u00e1pido, caf\u00e9 y entorno natural.\",\"breadcrumb\":{\"@id\":\"https:\/\/sholeo.polanetwork.com\/es\/flats\/las-palmas\/espacios\/cool-working\/#breadcrumb\"},\"inLanguage\":\"es\",\"potentialAction\":[{\"@type\":\"ReadAction\",\"target\":[\"https:\/\/sholeo.polanetwork.com\/es\/flats\/las-palmas\/espacios\/cool-working\/\"]}]},{\"@type\":\"BreadcrumbList\",\"@id\":\"https:\/\/sholeo.polanetwork.com\/es\/flats\/las-palmas\/espacios\/cool-working\/#breadcrumb\",\"itemListElement\":[{\"@type\":\"ListItem\",\"position\":1,\"name\":\"Home\",\"item\":\"https:\/\/sholeo.polanetwork.com\/es\/\"},{\"@type\":\"ListItem\",\"position\":2,\"name\":\"Flats\",\"item\":\"https:\/\/sholeo.polanetwork.com\/es\/flats\/\"},{\"@type\":\"ListItem\",\"position\":3,\"name\":\"Las Palmas\",\"item\":\"https:\/\/sholeo.polanetwork.com\/es\/flats\/las-palmas\/\"},{\"@type\":\"ListItem\",\"position\":4,\"name\":\"Espacios\",\"item\":\"https:\/\/sholeo.polanetwork.com\/es\/flats\/las-palmas\/espacios\/\"},{\"@type\":\"ListItem\",\"position\":5,\"name\":\"Cool Working\"}]},{\"@type\":\"WebSite\",\"@id\":\"https:\/\/sholeo.polanetwork.com\/es\/#website\",\"url\":\"https:\/\/sholeo.polanetwork.com\/es\/\",\"name\":\"Sholeo Lodges\",\"description\":\"\",\"potentialAction\":[{\"@type\":\"SearchAction\",\"target\":{\"@type\":\"EntryPoint\",\"urlTemplate\":\"https:\/\/sholeo.polanetwork.com\/es\/?s={search_term_string}\"},\"query-input\":{\"@type\":\"PropertyValueSpecification\",\"valueRequired\":true,\"valueName\":\"search_term_string\"}}],\"inLanguage\":\"es\"}]}<\/script>\n<!-- \/ Yoast SEO plugin. -->","yoast_head_json":{"title":"Cool Working Caf\u00e9 Las Palmas | Sholeo Lodges","description":"Disfruta de un ambiente \u00fanico para trabajar en el Cool Working Caf\u00e9 de Sholeo Lodges Las Palmas, con Wi-Fi r\u00e1pido, caf\u00e9 y entorno natural.","robots":{"index":"noindex","follow":"follow","max-snippet":"max-snippet:-1","max-image-preview":"max-image-preview:large","max-video-preview":"max-video-preview:-1"},"og_locale":"es_ES","og_type":"article","og_title":"Cool Working Caf\u00e9 Las Palmas | Sholeo Lodges","og_description":"Disfruta de un ambiente \u00fanico para trabajar en el Cool Working Caf\u00e9 de Sholeo Lodges Las Palmas, con Wi-Fi r\u00e1pido, caf\u00e9 y entorno natural.","og_url":"https:\/\/sholeo.polanetwork.com\/es\/flats\/las-palmas\/espacios\/cool-working\/","og_site_name":"Sholeo Lodges","article_modified_time":"2026-02-18T17:58:16+00:00","twitter_card":"summary_large_image","schema":{"@context":"https:\/\/schema.org","@graph":[{"@type":"WebPage","@id":"https:\/\/sholeo.polanetwork.com\/es\/flats\/las-palmas\/espacios\/cool-working\/","url":"https:\/\/sholeo.polanetwork.com\/es\/flats\/las-palmas\/espacios\/cool-working\/","name":"Cool Working Caf\u00e9 Las Palmas | Sholeo Lodges","isPartOf":{"@id":"https:\/\/sholeo.polanetwork.com\/es\/#website"},"datePublished":"2025-02-04T09:26:12+00:00","dateModified":"2026-02-18T17:58:16+00:00","description":"Disfruta de un ambiente \u00fanico para trabajar en el Cool Working Caf\u00e9 de Sholeo Lodges Las Palmas, con Wi-Fi r\u00e1pido, caf\u00e9 y entorno natural.","breadcrumb":{"@id":"https:\/\/sholeo.polanetwork.com\/es\/flats\/las-palmas\/espacios\/cool-working\/#breadcrumb"},"inLanguage":"es","potentialAction":[{"@type":"ReadAction","target":["https:\/\/sholeo.polanetwork.com\/es\/flats\/las-palmas\/espacios\/cool-working\/"]}]},{"@type":"BreadcrumbList","@id":"https:\/\/sholeo.polanetwork.com\/es\/flats\/las-palmas\/espacios\/cool-working\/#breadcrumb","itemListElement":[{"@type":"ListItem","position":1,"name":"Home","item":"https:\/\/sholeo.polanetwork.com\/es\/"},{"@type":"ListItem","position":2,"name":"Flats","item":"https:\/\/sholeo.polanetwork.com\/es\/flats\/"},{"@type":"ListItem","position":3,"name":"Las Palmas","item":"https:\/\/sholeo.polanetwork.com\/es\/flats\/las-palmas\/"},{"@type":"ListItem","position":4,"name":"Espacios","item":"https:\/\/sholeo.polanetwork.com\/es\/flats\/las-palmas\/espacios\/"},{"@type":"ListItem","position":5,"name":"Cool Working"}]},{"@type":"WebSite","@id":"https:\/\/sholeo.polanetwork.com\/es\/#website","url":"https:\/\/sholeo.polanetwork.com\/es\/","name":"Sholeo Lodges","description":"","potentialAction":[{"@type":"SearchAction","target":{"@type":"EntryPoint","urlTemplate":"https:\/\/sholeo.polanetwork.com\/es\/?s={search_term_string}"},"query-input":{"@type":"PropertyValueSpecification","valueRequired":true,"valueName":"search_term_string"}}],"inLanguage":"es"}]}},"_links":{"self":[{"href":"https:\/\/sholeo.polanetwork.com\/es\/wp-json\/wp\/v2\/pages\/2924","targetHints":{"allow":["GET"]}}],"collection":[{"href":"https:\/\/sholeo.polanetwork.com\/es\/wp-json\/wp\/v2\/pages"}],"about":[{"href":"https:\/\/sholeo.polanetwork.com\/es\/wp-json\/wp\/v2\/types\/page"}],"author":[{"embeddable":true,"href":"https:\/\/sholeo.polanetwork.com\/es\/wp-json\/wp\/v2\/users\/19"}],"replies":[{"embeddable":true,"href":"https:\/\/sholeo.polanetwork.com\/es\/wp-json\/wp\/v2\/comments?post=2924"}],"version-history":[{"count":45,"href":"https:\/\/sholeo.polanetwork.com\/es\/wp-json\/wp\/v2\/pages\/2924\/revisions"}],"predecessor-version":[{"id":18449,"href":"https:\/\/sholeo.polanetwork.com\/es\/wp-json\/wp\/v2\/pages\/2924\/revisions\/18449"}],"up":[{"embeddable":true,"href":"https:\/\/sholeo.polanetwork.com\/es\/wp-json\/wp\/v2\/pages\/2796"}],"wp:attachment":[{"href":"https:\/\/sholeo.polanetwork.com\/es\/wp-json\/wp\/v2\/media?parent=2924"}],"curies":[{"name":"wp","href":"https:\/\/api.w.org\/{rel}","templated":true}]}}