{"id":18302,"date":"2026-01-28T12:05:21","date_gmt":"2026-01-28T11:05:21","guid":{"rendered":"https:\/\/sholeolodges.com\/?page_id=18302"},"modified":"2026-02-02T07:54:18","modified_gmt":"2026-02-02T06:54:18","slug":"ofertas","status":"publish","type":"page","link":"https:\/\/sholeo.polanetwork.com\/es\/flats\/las-palmas\/ofertas\/","title":{"rendered":"Ofertas"},"content":{"rendered":"","protected":false},"excerpt":{"rendered":"","protected":false},"author":17,"featured_media":0,"parent":134,"menu_order":0,"comment_status":"closed","ping_status":"closed","template":"","meta":{"_acf_changed":false,"inline_featured_image":false,"footnotes":""},"class_list":["post-18302","page","type-page","status-publish","hentry"],"acf":[],"yoast_head":"<!-- This site is optimized with the Yoast SEO plugin v26.8 - https:\/\/yoast.com\/product\/yoast-seo-wordpress\/ -->\n<title>Nuestras ofertas de apartamientos tur\u00edsticos en Las Palmas | Sholeo Lodges<\/title>\n<meta name=\"description\" content=\"Alquila un apartamento tur\u00edstico en Las Palmas gracias a nuestras ofertas y disfruta de una experiencia \u00fanica en la isla.\" \/>\n<meta name=\"robots\" content=\"noindex, follow, max-snippet:-1, max-image-preview:large, max-video-preview:-1\" \/>\n<meta property=\"og:locale\" content=\"es_ES\" \/>\n<meta property=\"og:type\" content=\"article\" \/>\n<meta property=\"og:title\" content=\"Nuestras ofertas de apartamientos tur\u00edsticos en Las Palmas | Sholeo Lodges\" \/>\n<meta property=\"og:description\" content=\"Alquila un apartamento tur\u00edstico en Las Palmas gracias a nuestras ofertas y disfruta de una experiencia \u00fanica en la isla.\" \/>\n<meta property=\"og:url\" content=\"https:\/\/sholeo.polanetwork.com\/es\/flats\/las-palmas\/ofertas\/\" \/>\n<meta property=\"og:site_name\" content=\"Sholeo Lodges\" \/>\n<meta property=\"article:modified_time\" content=\"2026-02-02T06:54:18+00:00\" \/>\n<meta name=\"twitter:card\" content=\"summary_large_image\" \/>\n<script type=\"application\/ld+json\" class=\"yoast-schema-graph\">{\"@context\":\"https:\/\/schema.org\",\"@graph\":[{\"@type\":\"WebPage\",\"@id\":\"https:\/\/sholeo.polanetwork.com\/es\/flats\/las-palmas\/ofertas\/\",\"url\":\"https:\/\/sholeo.polanetwork.com\/es\/flats\/las-palmas\/ofertas\/\",\"name\":\"Nuestras ofertas de apartamientos tur\u00edsticos en Las Palmas | Sholeo Lodges\",\"isPartOf\":{\"@id\":\"https:\/\/sholeo.polanetwork.com\/es\/#website\"},\"datePublished\":\"2026-01-28T11:05:21+00:00\",\"dateModified\":\"2026-02-02T06:54:18+00:00\",\"description\":\"Alquila un apartamento tur\u00edstico en Las Palmas gracias a nuestras ofertas y disfruta de una experiencia \u00fanica en la isla.\",\"breadcrumb\":{\"@id\":\"https:\/\/sholeo.polanetwork.com\/es\/flats\/las-palmas\/ofertas\/#breadcrumb\"},\"inLanguage\":\"es\",\"potentialAction\":[{\"@type\":\"ReadAction\",\"target\":[\"https:\/\/sholeo.polanetwork.com\/es\/flats\/las-palmas\/ofertas\/\"]}]},{\"@type\":\"BreadcrumbList\",\"@id\":\"https:\/\/sholeo.polanetwork.com\/es\/flats\/las-palmas\/ofertas\/#breadcrumb\",\"itemListElement\":[{\"@type\":\"ListItem\",\"position\":1,\"name\":\"Home\",\"item\":\"https:\/\/sholeo.polanetwork.com\/es\/\"},{\"@type\":\"ListItem\",\"position\":2,\"name\":\"Flats\",\"item\":\"https:\/\/sholeo.polanetwork.com\/es\/flats\/\"},{\"@type\":\"ListItem\",\"position\":3,\"name\":\"Las Palmas\",\"item\":\"https:\/\/sholeo.polanetwork.com\/es\/flats\/las-palmas\/\"},{\"@type\":\"ListItem\",\"position\":4,\"name\":\"Ofertas\"}]},{\"@type\":\"WebSite\",\"@id\":\"https:\/\/sholeo.polanetwork.com\/es\/#website\",\"url\":\"https:\/\/sholeo.polanetwork.com\/es\/\",\"name\":\"Sholeo Lodges\",\"description\":\"\",\"potentialAction\":[{\"@type\":\"SearchAction\",\"target\":{\"@type\":\"EntryPoint\",\"urlTemplate\":\"https:\/\/sholeo.polanetwork.com\/es\/?s={search_term_string}\"},\"query-input\":{\"@type\":\"PropertyValueSpecification\",\"valueRequired\":true,\"valueName\":\"search_term_string\"}}],\"inLanguage\":\"es\"}]}<\/script>\n<!-- \/ Yoast SEO plugin. -->","yoast_head_json":{"title":"Nuestras ofertas de apartamientos tur\u00edsticos en Las Palmas | Sholeo Lodges","description":"Alquila un apartamento tur\u00edstico en Las Palmas gracias a nuestras ofertas y disfruta de una experiencia \u00fanica en la isla.","robots":{"index":"noindex","follow":"follow","max-snippet":"max-snippet:-1","max-image-preview":"max-image-preview:large","max-video-preview":"max-video-preview:-1"},"og_locale":"es_ES","og_type":"article","og_title":"Nuestras ofertas de apartamientos tur\u00edsticos en Las Palmas | Sholeo Lodges","og_description":"Alquila un apartamento tur\u00edstico en Las Palmas gracias a nuestras ofertas y disfruta de una experiencia \u00fanica en la isla.","og_url":"https:\/\/sholeo.polanetwork.com\/es\/flats\/las-palmas\/ofertas\/","og_site_name":"Sholeo Lodges","article_modified_time":"2026-02-02T06:54:18+00:00","twitter_card":"summary_large_image","schema":{"@context":"https:\/\/schema.org","@graph":[{"@type":"WebPage","@id":"https:\/\/sholeo.polanetwork.com\/es\/flats\/las-palmas\/ofertas\/","url":"https:\/\/sholeo.polanetwork.com\/es\/flats\/las-palmas\/ofertas\/","name":"Nuestras ofertas de apartamientos tur\u00edsticos en Las Palmas | Sholeo Lodges","isPartOf":{"@id":"https:\/\/sholeo.polanetwork.com\/es\/#website"},"datePublished":"2026-01-28T11:05:21+00:00","dateModified":"2026-02-02T06:54:18+00:00","description":"Alquila un apartamento tur\u00edstico en Las Palmas gracias a nuestras ofertas y disfruta de una experiencia \u00fanica en la isla.","breadcrumb":{"@id":"https:\/\/sholeo.polanetwork.com\/es\/flats\/las-palmas\/ofertas\/#breadcrumb"},"inLanguage":"es","potentialAction":[{"@type":"ReadAction","target":["https:\/\/sholeo.polanetwork.com\/es\/flats\/las-palmas\/ofertas\/"]}]},{"@type":"BreadcrumbList","@id":"https:\/\/sholeo.polanetwork.com\/es\/flats\/las-palmas\/ofertas\/#breadcrumb","itemListElement":[{"@type":"ListItem","position":1,"name":"Home","item":"https:\/\/sholeo.polanetwork.com\/es\/"},{"@type":"ListItem","position":2,"name":"Flats","item":"https:\/\/sholeo.polanetwork.com\/es\/flats\/"},{"@type":"ListItem","position":3,"name":"Las Palmas","item":"https:\/\/sholeo.polanetwork.com\/es\/flats\/las-palmas\/"},{"@type":"ListItem","position":4,"name":"Ofertas"}]},{"@type":"WebSite","@id":"https:\/\/sholeo.polanetwork.com\/es\/#website","url":"https:\/\/sholeo.polanetwork.com\/es\/","name":"Sholeo Lodges","description":"","potentialAction":[{"@type":"SearchAction","target":{"@type":"EntryPoint","urlTemplate":"https:\/\/sholeo.polanetwork.com\/es\/?s={search_term_string}"},"query-input":{"@type":"PropertyValueSpecification","valueRequired":true,"valueName":"search_term_string"}}],"inLanguage":"es"}]}},"_links":{"self":[{"href":"https:\/\/sholeo.polanetwork.com\/es\/wp-json\/wp\/v2\/pages\/18302","targetHints":{"allow":["GET"]}}],"collection":[{"href":"https:\/\/sholeo.polanetwork.com\/es\/wp-json\/wp\/v2\/pages"}],"about":[{"href":"https:\/\/sholeo.polanetwork.com\/es\/wp-json\/wp\/v2\/types\/page"}],"author":[{"embeddable":true,"href":"https:\/\/sholeo.polanetwork.com\/es\/wp-json\/wp\/v2\/users\/17"}],"replies":[{"embeddable":true,"href":"https:\/\/sholeo.polanetwork.com\/es\/wp-json\/wp\/v2\/comments?post=18302"}],"version-history":[{"count":5,"href":"https:\/\/sholeo.polanetwork.com\/es\/wp-json\/wp\/v2\/pages\/18302\/revisions"}],"predecessor-version":[{"id":18515,"href":"https:\/\/sholeo.polanetwork.com\/es\/wp-json\/wp\/v2\/pages\/18302\/revisions\/18515"}],"up":[{"embeddable":true,"href":"https:\/\/sholeo.polanetwork.com\/es\/wp-json\/wp\/v2\/pages\/134"}],"wp:attachment":[{"href":"https:\/\/sholeo.polanetwork.com\/es\/wp-json\/wp\/v2\/media?parent=18302"}],"curies":[{"name":"wp","href":"https:\/\/api.w.org\/{rel}","templated":true}]}}