{"id":7617,"date":"2024-09-25T11:11:49","date_gmt":"2024-09-25T09:11:49","guid":{"rendered":"https:\/\/sholeolodges.nubedev.es\/?page_id=7617"},"modified":"2026-02-12T09:08:03","modified_gmt":"2026-02-12T08:08:03","slug":"maspalomas","status":"publish","type":"page","link":"https:\/\/sholeo.polanetwork.com\/en\/lodges\/maspalomas\/","title":{"rendered":"Maspalomas"},"content":{"rendered":"\n<p>Nuestras habitaciones son \u00fanicas y con mucha personalidad, perfectas para desconectar y recargar las pilas.&nbsp;<br><br>Puedes hospedarte solo o en pareja, o bien, disfrutar de una estancia con tus colegas, o en familia. Tenemos tres tipos diferentes de habitaciones, van desde 21 m2 hasta 40 m2, \u00a1la comodidad est\u00e1 asegurada! Todas equipadas con ba\u00f1o privado, ducha, aire acondicionado, TV de 43\u201d, Chromecast y armario.<br><br>Y si viajas con tu peludito, tenemos habitaciones &#8220;pet friendly&#8221; bajo petici\u00f3n. Tambi\u00e9n, contamos con lavander\u00eda autoservicio (con lavadora y secadora de pago). \u00a1Tu spot perfecto te est\u00e1 esperando!<\/p>\n\n\n\n<p><\/p>\n","protected":false},"excerpt":{"rendered":"<p>Nuestras habitaciones son \u00fanicas y con mucha personalidad, perfectas para desconectar y recargar las pilas.&nbsp; Puedes hospedarte solo o en pareja, o bien, disfrutar de una estancia con tus colegas, o en familia. Tenemos tres tipos diferentes de habitaciones, van desde 21 m2 hasta 40 m2, \u00a1la comodidad est\u00e1 asegurada! Todas equipadas con ba\u00f1o privado, [&hellip;]<\/p>\n","protected":false},"author":19,"featured_media":0,"parent":4093,"menu_order":0,"comment_status":"closed","ping_status":"closed","template":"","meta":{"_acf_changed":false,"inline_featured_image":false,"footnotes":""},"class_list":["post-7617","page","type-page","status-publish","hentry"],"acf":[],"yoast_head":"<!-- This site is optimized with the Yoast SEO plugin v26.8 - https:\/\/yoast.com\/product\/yoast-seo-wordpress\/ -->\n<title>Hotel lodge in Maspalomas | Gran CanariaSholeo Lodges<\/title>\n<meta name=\"description\" content=\"Enjoy an unforgettable holidays in Maspalomas with our modern holiday lodge and enjoy Gran Canaria with your friends and family.\" \/>\n<meta name=\"robots\" content=\"noindex, follow, max-snippet:-1, max-image-preview:large, max-video-preview:-1\" \/>\n<meta property=\"og:locale\" content=\"en_US\" \/>\n<meta property=\"og:type\" content=\"article\" \/>\n<meta property=\"og:title\" content=\"Hotel lodge in Maspalomas | Gran CanariaSholeo Lodges\" \/>\n<meta property=\"og:description\" content=\"Enjoy an unforgettable holidays in Maspalomas with our modern holiday lodge and enjoy Gran Canaria with your friends and family.\" \/>\n<meta property=\"og:url\" content=\"https:\/\/sholeo.polanetwork.com\/en\/lodges\/maspalomas\/\" \/>\n<meta property=\"og:site_name\" content=\"Sholeo Lodges\" \/>\n<meta property=\"article:modified_time\" content=\"2026-02-12T08:08:03+00:00\" \/>\n<meta name=\"twitter:card\" content=\"summary_large_image\" \/>\n<meta name=\"twitter:label1\" content=\"Est. reading time\" \/>\n\t<meta name=\"twitter:data1\" content=\"1 minute\" \/>\n<script type=\"application\/ld+json\" class=\"yoast-schema-graph\">{\"@context\":\"https:\/\/schema.org\",\"@graph\":[{\"@type\":\"WebPage\",\"@id\":\"https:\/\/sholeo.polanetwork.com\/en\/lodges\/maspalomas\/\",\"url\":\"https:\/\/sholeo.polanetwork.com\/en\/lodges\/maspalomas\/\",\"name\":\"Hotel lodge in Maspalomas | Gran CanariaSholeo Lodges\",\"isPartOf\":{\"@id\":\"https:\/\/sholeo.polanetwork.com\/en\/#website\"},\"datePublished\":\"2024-09-25T09:11:49+00:00\",\"dateModified\":\"2026-02-12T08:08:03+00:00\",\"description\":\"Enjoy an unforgettable holidays in Maspalomas with our modern holiday lodge and enjoy Gran Canaria with your friends and family.\",\"breadcrumb\":{\"@id\":\"https:\/\/sholeo.polanetwork.com\/en\/lodges\/maspalomas\/#breadcrumb\"},\"inLanguage\":\"en-US\",\"potentialAction\":[{\"@type\":\"ReadAction\",\"target\":[\"https:\/\/sholeo.polanetwork.com\/en\/lodges\/maspalomas\/\"]}]},{\"@type\":\"BreadcrumbList\",\"@id\":\"https:\/\/sholeo.polanetwork.com\/en\/lodges\/maspalomas\/#breadcrumb\",\"itemListElement\":[{\"@type\":\"ListItem\",\"position\":1,\"name\":\"Home\",\"item\":\"https:\/\/sholeo.polanetwork.com\/en\/\"},{\"@type\":\"ListItem\",\"position\":2,\"name\":\"Lodges\",\"item\":\"https:\/\/sholeo.polanetwork.com\/en\/lodges\/\"},{\"@type\":\"ListItem\",\"position\":3,\"name\":\"Maspalomas\"}]},{\"@type\":\"WebSite\",\"@id\":\"https:\/\/sholeo.polanetwork.com\/en\/#website\",\"url\":\"https:\/\/sholeo.polanetwork.com\/en\/\",\"name\":\"Sholeo Lodges\",\"description\":\"\",\"potentialAction\":[{\"@type\":\"SearchAction\",\"target\":{\"@type\":\"EntryPoint\",\"urlTemplate\":\"https:\/\/sholeo.polanetwork.com\/en\/?s={search_term_string}\"},\"query-input\":{\"@type\":\"PropertyValueSpecification\",\"valueRequired\":true,\"valueName\":\"search_term_string\"}}],\"inLanguage\":\"en-US\"}]}<\/script>\n<!-- \/ Yoast SEO plugin. -->","yoast_head_json":{"title":"Hotel lodge in Maspalomas | Gran CanariaSholeo Lodges","description":"Enjoy an unforgettable holidays in Maspalomas with our modern holiday lodge and enjoy Gran Canaria with your friends and family.","robots":{"index":"noindex","follow":"follow","max-snippet":"max-snippet:-1","max-image-preview":"max-image-preview:large","max-video-preview":"max-video-preview:-1"},"og_locale":"en_US","og_type":"article","og_title":"Hotel lodge in Maspalomas | Gran CanariaSholeo Lodges","og_description":"Enjoy an unforgettable holidays in Maspalomas with our modern holiday lodge and enjoy Gran Canaria with your friends and family.","og_url":"https:\/\/sholeo.polanetwork.com\/en\/lodges\/maspalomas\/","og_site_name":"Sholeo Lodges","article_modified_time":"2026-02-12T08:08:03+00:00","twitter_card":"summary_large_image","twitter_misc":{"Est. reading time":"1 minute"},"schema":{"@context":"https:\/\/schema.org","@graph":[{"@type":"WebPage","@id":"https:\/\/sholeo.polanetwork.com\/en\/lodges\/maspalomas\/","url":"https:\/\/sholeo.polanetwork.com\/en\/lodges\/maspalomas\/","name":"Hotel lodge in Maspalomas | Gran CanariaSholeo Lodges","isPartOf":{"@id":"https:\/\/sholeo.polanetwork.com\/en\/#website"},"datePublished":"2024-09-25T09:11:49+00:00","dateModified":"2026-02-12T08:08:03+00:00","description":"Enjoy an unforgettable holidays in Maspalomas with our modern holiday lodge and enjoy Gran Canaria with your friends and family.","breadcrumb":{"@id":"https:\/\/sholeo.polanetwork.com\/en\/lodges\/maspalomas\/#breadcrumb"},"inLanguage":"en-US","potentialAction":[{"@type":"ReadAction","target":["https:\/\/sholeo.polanetwork.com\/en\/lodges\/maspalomas\/"]}]},{"@type":"BreadcrumbList","@id":"https:\/\/sholeo.polanetwork.com\/en\/lodges\/maspalomas\/#breadcrumb","itemListElement":[{"@type":"ListItem","position":1,"name":"Home","item":"https:\/\/sholeo.polanetwork.com\/en\/"},{"@type":"ListItem","position":2,"name":"Lodges","item":"https:\/\/sholeo.polanetwork.com\/en\/lodges\/"},{"@type":"ListItem","position":3,"name":"Maspalomas"}]},{"@type":"WebSite","@id":"https:\/\/sholeo.polanetwork.com\/en\/#website","url":"https:\/\/sholeo.polanetwork.com\/en\/","name":"Sholeo Lodges","description":"","potentialAction":[{"@type":"SearchAction","target":{"@type":"EntryPoint","urlTemplate":"https:\/\/sholeo.polanetwork.com\/en\/?s={search_term_string}"},"query-input":{"@type":"PropertyValueSpecification","valueRequired":true,"valueName":"search_term_string"}}],"inLanguage":"en-US"}]}},"_links":{"self":[{"href":"https:\/\/sholeo.polanetwork.com\/en\/wp-json\/wp\/v2\/pages\/7617","targetHints":{"allow":["GET"]}}],"collection":[{"href":"https:\/\/sholeo.polanetwork.com\/en\/wp-json\/wp\/v2\/pages"}],"about":[{"href":"https:\/\/sholeo.polanetwork.com\/en\/wp-json\/wp\/v2\/types\/page"}],"author":[{"embeddable":true,"href":"https:\/\/sholeo.polanetwork.com\/en\/wp-json\/wp\/v2\/users\/19"}],"replies":[{"embeddable":true,"href":"https:\/\/sholeo.polanetwork.com\/en\/wp-json\/wp\/v2\/comments?post=7617"}],"version-history":[{"count":58,"href":"https:\/\/sholeo.polanetwork.com\/en\/wp-json\/wp\/v2\/pages\/7617\/revisions"}],"predecessor-version":[{"id":21875,"href":"https:\/\/sholeo.polanetwork.com\/en\/wp-json\/wp\/v2\/pages\/7617\/revisions\/21875"}],"up":[{"embeddable":true,"href":"https:\/\/sholeo.polanetwork.com\/en\/wp-json\/wp\/v2\/pages\/4093"}],"wp:attachment":[{"href":"https:\/\/sholeo.polanetwork.com\/en\/wp-json\/wp\/v2\/media?parent=7617"}],"curies":[{"name":"wp","href":"https:\/\/api.w.org\/{rel}","templated":true}]}}